{"id":140,"date":"2022-10-02T14:45:07","date_gmt":"2022-10-02T12:45:07","guid":{"rendered":"https:\/\/prokino.fr\/?page_id=140"},"modified":"2023-11-13T13:58:54","modified_gmt":"2023-11-13T12:58:54","slug":"lhistoire-de-prokino","status":"publish","type":"page","link":"https:\/\/prokino.fr\/?page_id=140","title":{"rendered":"L&#8217;histoire de Prokino"},"content":{"rendered":"\n<p>Depuis 35 ans, <mark style=\"background-color:rgba(0, 0, 0, 0);color:#ed0000\" class=\"has-inline-color\">PROKINO<\/mark> explore le cin\u00e9ma de langue allemande.<\/p>\n\n\n\n<p>L\u2019objectif de la semaine du Cin\u00e9ma de langue allemande est de faire d\u00e9couvrir, par le regard de leurs cin\u00e9astes, la culture et la langue de nos pays voisins germanophones. Chaque ann\u00e9e le public peut voir pendant 5 jours une vingtaine de films, in\u00e9dits pour la plupart, diffus\u00e9s en version originale.<\/p>\n\n\n\n<p><mark style=\"background-color:rgba(0, 0, 0, 0);color:#ff0000\" class=\"has-inline-color\">PROKINO<\/mark> propose ainsi des films de cin\u00e9astes souvent m\u00e9connus en France mais pourtant garants d\u2019un cin\u00e9ma de qualit\u00e9, des plus r\u00e9centes productions aux films de r\u00e9pertoire.<\/p>\n\n\n\n<p>A <mark style=\"background-color:rgba(0, 0, 0, 0);color:#ff0000\" class=\"has-inline-color\">PROKINO<\/mark>, pas de comp\u00e9tition mais des rencontres de r\u00e9alisateurs, d\u2019acteurs ou de cin\u00e9philes&nbsp;&nbsp;et d\u2019un public.<\/p>\n\n\n\n<p><mark style=\"background-color:rgba(0, 0, 0, 0);color:#ff0000\" class=\"has-inline-color\">PROKINO<\/mark> est \u00e9galement le rendez-vous cin\u00e9ma des enseignants germanistes. Il propose en effet une s\u00e9lection de films class\u00e9s par niveau et \u00e2ge recommand\u00e9 (du cycle trois au post-Bac) dont les th\u00e9matiques offrent de nombreuses pistes d\u2019exploitation en classe. Ainsi les \u00e9l\u00e8ves peuvent d\u00e9couvrir des films en version originale sous-titr\u00e9s fran\u00e7ais.<\/p>\n\n\n\n<p><mark style=\"background-color:rgba(0, 0, 0, 0);color:#ff0000\" class=\"has-inline-color\">PROKINO<\/mark> garde pour objectif de toujours susciter, entretenir et satisfaire cette curiosit\u00e9 pour le cin\u00e9ma et l\u2019allemand.<\/p>\n","protected":false},"excerpt":{"rendered":"<p>Depuis 35 ans, PROKINO explore le cin\u00e9ma de langue allemande. L\u2019objectif de la semaine du Cin\u00e9ma de langue allemande est de faire d\u00e9couvrir, par le regard de leurs cin\u00e9astes, la culture et la langue de nos pays voisins germanophones. Chaque ann\u00e9e le public peut voir pendant 5 jours une vingtaine de films, in\u00e9dits pour la [&hellip;]<\/p>\n","protected":false},"author":1,"featured_media":0,"parent":0,"menu_order":0,"comment_status":"closed","ping_status":"closed","template":"","meta":{"site-sidebar-layout":"default","site-content-layout":"","ast-site-content-layout":"default","site-content-style":"default","site-sidebar-style":"default","ast-global-header-display":"","ast-banner-title-visibility":"","ast-main-header-display":"","ast-hfb-above-header-display":"","ast-hfb-below-header-display":"","ast-hfb-mobile-header-display":"","site-post-title":"","ast-breadcrumbs-content":"","ast-featured-img":"","footer-sml-layout":"","theme-transparent-header-meta":"","adv-header-id-meta":"","stick-header-meta":"","header-above-stick-meta":"","header-main-stick-meta":"","header-below-stick-meta":"","astra-migrate-meta-layouts":"set","ast-page-background-enabled":"default","ast-page-background-meta":{"desktop":{"background-color":"var(--ast-global-color-4)","background-image":"","background-repeat":"repeat","background-position":"center center","background-size":"auto","background-attachment":"scroll","background-type":"","background-media":"","overlay-type":"","overlay-color":"","overlay-opacity":"","overlay-gradient":""},"tablet":{"background-color":"","background-image":"","background-repeat":"repeat","background-position":"center center","background-size":"auto","background-attachment":"scroll","background-type":"","background-media":"","overlay-type":"","overlay-color":"","overlay-opacity":"","overlay-gradient":""},"mobile":{"background-color":"","background-image":"","background-repeat":"repeat","background-position":"center center","background-size":"auto","background-attachment":"scroll","background-type":"","background-media":"","overlay-type":"","overlay-color":"","overlay-opacity":"","overlay-gradient":""}},"ast-content-background-meta":{"desktop":{"background-color":"var(--ast-global-color-5)","background-image":"","background-repeat":"repeat","background-position":"center center","background-size":"auto","background-attachment":"scroll","background-type":"","background-media":"","overlay-type":"","overlay-color":"","overlay-opacity":"","overlay-gradient":""},"tablet":{"background-color":"var(--ast-global-color-5)","background-image":"","background-repeat":"repeat","background-position":"center center","background-size":"auto","background-attachment":"scroll","background-type":"","background-media":"","overlay-type":"","overlay-color":"","overlay-opacity":"","overlay-gradient":""},"mobile":{"background-color":"var(--ast-global-color-5)","background-image":"","background-repeat":"repeat","background-position":"center center","background-size":"auto","background-attachment":"scroll","background-type":"","background-media":"","overlay-type":"","overlay-color":"","overlay-opacity":"","overlay-gradient":""}},"footnotes":""},"class_list":["post-140","page","type-page","status-publish","hentry"],"_links":{"self":[{"href":"https:\/\/prokino.fr\/index.php?rest_route=\/wp\/v2\/pages\/140","targetHints":{"allow":["GET"]}}],"collection":[{"href":"https:\/\/prokino.fr\/index.php?rest_route=\/wp\/v2\/pages"}],"about":[{"href":"https:\/\/prokino.fr\/index.php?rest_route=\/wp\/v2\/types\/page"}],"author":[{"embeddable":true,"href":"https:\/\/prokino.fr\/index.php?rest_route=\/wp\/v2\/users\/1"}],"replies":[{"embeddable":true,"href":"https:\/\/prokino.fr\/index.php?rest_route=%2Fwp%2Fv2%2Fcomments&post=140"}],"version-history":[{"count":4,"href":"https:\/\/prokino.fr\/index.php?rest_route=\/wp\/v2\/pages\/140\/revisions"}],"predecessor-version":[{"id":274,"href":"https:\/\/prokino.fr\/index.php?rest_route=\/wp\/v2\/pages\/140\/revisions\/274"}],"wp:attachment":[{"href":"https:\/\/prokino.fr\/index.php?rest_route=%2Fwp%2Fv2%2Fmedia&parent=140"}],"curies":[{"name":"wp","href":"https:\/\/api.w.org\/{rel}","templated":true}]}}