{"id":146,"date":"2022-10-02T15:01:03","date_gmt":"2022-10-02T13:01:03","guid":{"rendered":"https:\/\/prokino.fr\/?page_id=146"},"modified":"2025-11-09T08:21:14","modified_gmt":"2025-11-09T07:21:14","slug":"prokino-pratique","status":"publish","type":"page","link":"https:\/\/prokino.fr\/?page_id=146","title":{"rendered":"Prokino pratique"},"content":{"rendered":"\n<h2 class=\"wp-block-heading\">Lieu de projection<\/h2>\n\n\n\n<p>Toutes les projections de l&#8217;\u00e9dition 2026 auront lieu au<\/p>\n\n\n\n<blockquote class=\"wp-block-quote has-ast-global-color-5-color has-text-color has-link-color wp-elements-573bc4f49648504633d5f2068da22316 is-layout-flow wp-block-quote-is-layout-flow\">\n<h5 class=\"wp-block-heading\"><mark style=\"background-color:rgba(0, 0, 0, 0);color:#ff0000\" class=\"has-inline-color\"><strong>Majestic Cin\u00e9 Vend\u00f4me<\/strong><\/mark><\/h5>\n<cite><a href=\"https:\/\/maps.app.goo.gl\/VaMEeh1tFceJ1Qid9\" target=\"_blank\" rel=\"noreferrer noopener\"><mark style=\"background-color:rgba(0, 0, 0, 0);color:#fafafa\" class=\"has-inline-color\">2 rue Darreau 41100 Vend\u00f4me<\/mark><\/a><\/cite><\/blockquote>\n\n\n\n<figure class=\"wp-block-image aligncenter size-large\"><img loading=\"lazy\" decoding=\"async\" width=\"829\" height=\"1024\" src=\"http:\/\/prokino.fr\/wp-content\/uploads\/2025\/01\/Capture-decran-2025-01-25-a-07.54.46-829x1024.png\" alt=\"\" class=\"wp-image-512\" srcset=\"https:\/\/prokino.fr\/wp-content\/uploads\/2025\/01\/Capture-decran-2025-01-25-a-07.54.46-829x1024.png 829w, https:\/\/prokino.fr\/wp-content\/uploads\/2025\/01\/Capture-decran-2025-01-25-a-07.54.46-243x300.png 243w, https:\/\/prokino.fr\/wp-content\/uploads\/2025\/01\/Capture-decran-2025-01-25-a-07.54.46-768x949.png 768w, https:\/\/prokino.fr\/wp-content\/uploads\/2025\/01\/Capture-decran-2025-01-25-a-07.54.46-1243x1536.png 1243w, https:\/\/prokino.fr\/wp-content\/uploads\/2025\/01\/Capture-decran-2025-01-25-a-07.54.46.png 1552w\" sizes=\"auto, (max-width: 829px) 100vw, 829px\" \/><\/figure>\n\n\n\n<hr class=\"wp-block-separator has-alpha-channel-opacity\"\/>\n\n\n\n<h2 class=\"wp-block-heading\">Mode d&#8217;emploi Prokino 2026<\/h2>\n\n\n\n<hr class=\"wp-block-separator has-alpha-channel-opacity\"\/>\n\n\n\n<div class=\"wp-block-file\"><a id=\"wp-block-file--media-3229e884-eaa1-4125-bb04-f7f03fc4cac2\" href=\"http:\/\/prokino.fr\/wp-content\/uploads\/2025\/11\/Mode-demploi-PK26.pdf\">Mode d&#8217;emploi PK26<\/a><a href=\"http:\/\/prokino.fr\/wp-content\/uploads\/2025\/11\/Mode-demploi-PK26.pdf\" class=\"wp-block-file__button wp-element-button\" download aria-describedby=\"wp-block-file--media-3229e884-eaa1-4125-bb04-f7f03fc4cac2\">Download<\/a><\/div>\n\n\n\n<h2 class=\"wp-block-heading\">Fiche de r\u00e9servation Prokino 2026<\/h2>\n\n\n\n<div class=\"wp-block-file\"><a id=\"wp-block-file--media-7ed31c2a-3914-4492-ab20-c15b9e6e1d65\" href=\"http:\/\/prokino.fr\/wp-content\/uploads\/2025\/11\/Fiche-de-resa-PK26.pdf\">Fiche de re\u0301sa PK26<\/a><a href=\"http:\/\/prokino.fr\/wp-content\/uploads\/2025\/11\/Fiche-de-resa-PK26.pdf\" class=\"wp-block-file__button wp-element-button\" download aria-describedby=\"wp-block-file--media-7ed31c2a-3914-4492-ab20-c15b9e6e1d65\">Download<\/a><\/div>\n","protected":false},"excerpt":{"rendered":"<p>Lieu de projection Toutes les projections de l&#8217;\u00e9dition 2026 auront lieu au Majestic Cin\u00e9 Vend\u00f4me 2 rue Darreau 41100 Vend\u00f4me Mode d&#8217;emploi Prokino 2026 Fiche de r\u00e9servation Prokino 2026<\/p>\n","protected":false},"author":1,"featured_media":0,"parent":0,"menu_order":0,"comment_status":"closed","ping_status":"closed","template":"","meta":{"site-sidebar-layout":"default","site-content-layout":"","ast-site-content-layout":"default","site-content-style":"default","site-sidebar-style":"default","ast-global-header-display":"","ast-banner-title-visibility":"","ast-main-header-display":"","ast-hfb-above-header-display":"","ast-hfb-below-header-display":"","ast-hfb-mobile-header-display":"","site-post-title":"disabled","ast-breadcrumbs-content":"","ast-featured-img":"","footer-sml-layout":"","theme-transparent-header-meta":"","adv-header-id-meta":"","stick-header-meta":"","header-above-stick-meta":"","header-main-stick-meta":"","header-below-stick-meta":"","astra-migrate-meta-layouts":"set","ast-page-background-enabled":"default","ast-page-background-meta":{"desktop":{"background-color":"var(--ast-global-color-4)","background-image":"","background-repeat":"repeat","background-position":"center center","background-size":"auto","background-attachment":"scroll","background-type":"","background-media":"","overlay-type":"","overlay-color":"","overlay-opacity":"","overlay-gradient":""},"tablet":{"background-color":"","background-image":"","background-repeat":"repeat","background-position":"center center","background-size":"auto","background-attachment":"scroll","background-type":"","background-media":"","overlay-type":"","overlay-color":"","overlay-opacity":"","overlay-gradient":""},"mobile":{"background-color":"","background-image":"","background-repeat":"repeat","background-position":"center center","background-size":"auto","background-attachment":"scroll","background-type":"","background-media":"","overlay-type":"","overlay-color":"","overlay-opacity":"","overlay-gradient":""}},"ast-content-background-meta":{"desktop":{"background-color":"var(--ast-global-color-5)","background-image":"","background-repeat":"repeat","background-position":"center center","background-size":"auto","background-attachment":"scroll","background-type":"","background-media":"","overlay-type":"","overlay-color":"","overlay-opacity":"","overlay-gradient":""},"tablet":{"background-color":"var(--ast-global-color-5)","background-image":"","background-repeat":"repeat","background-position":"center center","background-size":"auto","background-attachment":"scroll","background-type":"","background-media":"","overlay-type":"","overlay-color":"","overlay-opacity":"","overlay-gradient":""},"mobile":{"background-color":"var(--ast-global-color-5)","background-image":"","background-repeat":"repeat","background-position":"center center","background-size":"auto","background-attachment":"scroll","background-type":"","background-media":"","overlay-type":"","overlay-color":"","overlay-opacity":"","overlay-gradient":""}},"footnotes":""},"class_list":["post-146","page","type-page","status-publish","hentry"],"_links":{"self":[{"href":"https:\/\/prokino.fr\/index.php?rest_route=\/wp\/v2\/pages\/146","targetHints":{"allow":["GET"]}}],"collection":[{"href":"https:\/\/prokino.fr\/index.php?rest_route=\/wp\/v2\/pages"}],"about":[{"href":"https:\/\/prokino.fr\/index.php?rest_route=\/wp\/v2\/types\/page"}],"author":[{"embeddable":true,"href":"https:\/\/prokino.fr\/index.php?rest_route=\/wp\/v2\/users\/1"}],"replies":[{"embeddable":true,"href":"https:\/\/prokino.fr\/index.php?rest_route=%2Fwp%2Fv2%2Fcomments&post=146"}],"version-history":[{"count":35,"href":"https:\/\/prokino.fr\/index.php?rest_route=\/wp\/v2\/pages\/146\/revisions"}],"predecessor-version":[{"id":540,"href":"https:\/\/prokino.fr\/index.php?rest_route=\/wp\/v2\/pages\/146\/revisions\/540"}],"wp:attachment":[{"href":"https:\/\/prokino.fr\/index.php?rest_route=%2Fwp%2Fv2%2Fmedia&parent=146"}],"curies":[{"name":"wp","href":"https:\/\/api.w.org\/{rel}","templated":true}]}}